{"id":6186,"date":"2024-12-05T14:41:14","date_gmt":"2024-12-05T20:41:14","guid":{"rendered":"https:\/\/system-ready.com.mx\/?page_id=6186"},"modified":"2024-12-06T12:33:32","modified_gmt":"2024-12-06T18:33:32","slug":"system-ready-com-mx-quienes-somos","status":"publish","type":"page","link":"https:\/\/evidencias.system-ready.com.mx\/?page_id=6186","title":{"rendered":"Qui\u00e9nes somos"},"content":{"rendered":"\t\t<div data-elementor-type=\"wp-page\" data-elementor-id=\"6186\" class=\"elementor elementor-6186\">\n\t\t\t\t\t\t<section class=\"elementor-section elementor-top-section elementor-element elementor-element-78dd729 elementor-section-height-min-height elementor-section-boxed elementor-section-height-default elementor-section-items-middle\" data-id=\"78dd729\" data-element_type=\"section\" data-settings=\"{&quot;background_background&quot;:&quot;classic&quot;,&quot;shape_divider_bottom&quot;:&quot;triangle&quot;,&quot;shape_divider_bottom_negative&quot;:&quot;yes&quot;}\">\n\t\t\t\t\t\t\t<div class=\"elementor-background-overlay\"><\/div>\n\t\t\t\t\t\t<div class=\"elementor-shape elementor-shape-bottom\" data-negative=\"true\">\n\t\t\t<svg xmlns=\"http:\/\/www.w3.org\/2000\/svg\" viewBox=\"0 0 1000 100\" preserveAspectRatio=\"none\">\n\t<path class=\"elementor-shape-fill\" d=\"M500.2,94.7L0,0v100h1000V0L500.2,94.7z\"\/>\n<\/svg>\t\t<\/div>\n\t\t\t\t\t<div class=\"elementor-container elementor-column-gap-default\">\n\t\t\t\t\t<div class=\"elementor-column elementor-col-100 elementor-top-column elementor-element elementor-element-d20323c\" data-id=\"d20323c\" data-element_type=\"column\">\n\t\t\t<div class=\"elementor-widget-wrap elementor-element-populated\">\n\t\t\t\t\t\t<div class=\"elementor-element elementor-element-95eeda7 elementor-invisible elementor-widget elementor-widget-heading\" data-id=\"95eeda7\" data-element_type=\"widget\" data-settings=\"{&quot;_animation&quot;:&quot;fadeInUp&quot;}\" data-widget_type=\"heading.default\">\n\t\t\t\t<div class=\"elementor-widget-container\">\n\t\t\t<h1 class=\"elementor-heading-title elementor-size-xl\">Qui\u00e9nes Somos<\/h1>\t\t<\/div>\n\t\t\t\t<\/div>\n\t\t\t\t<div class=\"elementor-element elementor-element-e8a14b5 elementor-invisible elementor-widget elementor-widget-image\" data-id=\"e8a14b5\" data-element_type=\"widget\" data-settings=\"{&quot;_animation&quot;:&quot;pulse&quot;}\" data-widget_type=\"image.default\">\n\t\t\t\t<div class=\"elementor-widget-container\">\n\t\t\t\t\t\t\t\t\t\t\t\t\t\t<a href=\"#about\">\n\t\t\t\t\t\t\t<img decoding=\"async\" src=\"https:\/\/system-ready.com.mx\/wp-content\/uploads\/2024\/11\/arrow.png\" title=\"\" alt=\"\" loading=\"lazy\" \/>\t\t\t\t\t\t\t\t<\/a>\n\t\t\t\t\t\t\t\t\t\t\t\t\t<\/div>\n\t\t\t\t<\/div>\n\t\t\t\t\t<\/div>\n\t\t<\/div>\n\t\t\t\t\t<\/div>\n\t\t<\/section>\n\t\t\t\t<section class=\"elementor-section elementor-top-section elementor-element elementor-element-70671f1 elementor-reverse-mobile elementor-section-boxed elementor-section-height-default elementor-section-height-default\" data-id=\"70671f1\" data-element_type=\"section\" data-settings=\"{&quot;background_background&quot;:&quot;classic&quot;}\">\n\t\t\t\t\t\t<div class=\"elementor-container elementor-column-gap-wider\">\n\t\t\t\t\t<div class=\"elementor-column elementor-col-50 elementor-top-column elementor-element elementor-element-15b15ae\" data-id=\"15b15ae\" data-element_type=\"column\">\n\t\t\t<div class=\"elementor-widget-wrap elementor-element-populated\">\n\t\t\t\t\t\t<div class=\"elementor-element elementor-element-28d8849 animated-fast elementor-invisible elementor-widget elementor-widget-image\" data-id=\"28d8849\" data-element_type=\"widget\" data-settings=\"{&quot;_animation&quot;:&quot;bounceIn&quot;,&quot;_animation_delay&quot;:300}\" data-widget_type=\"image.default\">\n\t\t\t\t<div class=\"elementor-widget-container\">\n\t\t\t\t\t\t\t\t\t\t\t\t\t<img fetchpriority=\"high\" decoding=\"async\" width=\"768\" height=\"512\" src=\"https:\/\/evidencias.system-ready.com.mx\/wp-content\/uploads\/2024\/11\/about-us-2023-11-27-05-07-07-utc-768x512.webp\" class=\"attachment-medium_large size-medium_large wp-image-5558\" alt=\"\" srcset=\"https:\/\/evidencias.system-ready.com.mx\/wp-content\/uploads\/2024\/11\/about-us-2023-11-27-05-07-07-utc-768x512.webp 768w, https:\/\/evidencias.system-ready.com.mx\/wp-content\/uploads\/2024\/11\/about-us-2023-11-27-05-07-07-utc-300x200.webp 300w, https:\/\/evidencias.system-ready.com.mx\/wp-content\/uploads\/2024\/11\/about-us-2023-11-27-05-07-07-utc-1024x683.webp 1024w, https:\/\/evidencias.system-ready.com.mx\/wp-content\/uploads\/2024\/11\/about-us-2023-11-27-05-07-07-utc-1536x1024.webp 1536w, https:\/\/evidencias.system-ready.com.mx\/wp-content\/uploads\/2024\/11\/about-us-2023-11-27-05-07-07-utc.webp 1920w\" sizes=\"(max-width: 768px) 100vw, 768px\" \/>\t\t\t\t\t\t\t\t\t\t\t\t\t<\/div>\n\t\t\t\t<\/div>\n\t\t\t\t\t<\/div>\n\t\t<\/div>\n\t\t\t\t<div class=\"elementor-column elementor-col-50 elementor-top-column elementor-element elementor-element-bf3f430\" data-id=\"bf3f430\" data-element_type=\"column\">\n\t\t\t<div class=\"elementor-widget-wrap elementor-element-populated\">\n\t\t\t\t\t\t<div class=\"elementor-element elementor-element-f370c4c elementor-invisible elementor-widget elementor-widget-heading\" data-id=\"f370c4c\" data-element_type=\"widget\" data-settings=\"{&quot;_animation&quot;:&quot;fadeInLeft&quot;}\" data-widget_type=\"heading.default\">\n\t\t\t\t<div class=\"elementor-widget-container\">\n\t\t\t<h2 class=\"elementor-heading-title elementor-size-xl\">System Ready<\/h2>\t\t<\/div>\n\t\t\t\t<\/div>\n\t\t\t\t<div class=\"elementor-element elementor-element-9a2ec7a elementor-invisible elementor-widget elementor-widget-text-editor\" data-id=\"9a2ec7a\" data-element_type=\"widget\" data-settings=\"{&quot;_animation&quot;:&quot;fadeInUp&quot;,&quot;_animation_delay&quot;:400}\" data-widget_type=\"text-editor.default\">\n\t\t\t\t<div class=\"elementor-widget-container\">\n\t\t\t\t\t\t\t<p>\u00a0es una empresa tecnol\u00f3gica apasionada por la innovaci\u00f3n y la excelencia. Nuestra historia comenz\u00f3 cuando un grupo de visionarios se uni\u00f3 con el objetivo de transformar la forma en que las organizaciones interact\u00faan con la tecnolog\u00eda. Desde entonces, hemos estado comprometidos con la creaci\u00f3n de soluciones inteligentes y personalizadas para nuestros clientes.<\/p>\t\t\t\t\t\t<\/div>\n\t\t\t\t<\/div>\n\t\t\t\t\t<\/div>\n\t\t<\/div>\n\t\t\t\t\t<\/div>\n\t\t<\/section>\n\t\t\t\t<section class=\"elementor-section elementor-top-section elementor-element elementor-element-254b575 elementor-section-boxed elementor-section-height-default elementor-section-height-default\" data-id=\"254b575\" data-element_type=\"section\" data-settings=\"{&quot;background_background&quot;:&quot;classic&quot;}\">\n\t\t\t\t\t\t<div class=\"elementor-container elementor-column-gap-wider\">\n\t\t\t\t\t<div class=\"elementor-column elementor-col-50 elementor-top-column elementor-element elementor-element-f1b8678\" data-id=\"f1b8678\" data-element_type=\"column\">\n\t\t\t<div class=\"elementor-widget-wrap elementor-element-populated\">\n\t\t\t\t\t\t<div class=\"elementor-element elementor-element-77450d4 elementor-invisible elementor-widget elementor-widget-heading\" data-id=\"77450d4\" data-element_type=\"widget\" data-settings=\"{&quot;_animation&quot;:&quot;fadeInLeft&quot;}\" data-widget_type=\"heading.default\">\n\t\t\t\t<div class=\"elementor-widget-container\">\n\t\t\t<h2 class=\"elementor-heading-title elementor-size-xl\">Nuestros valores fundamentales<\/h2>\t\t<\/div>\n\t\t\t\t<\/div>\n\t\t\t\t<div class=\"elementor-element elementor-element-93f2242 elementor-invisible elementor-widget elementor-widget-text-editor\" data-id=\"93f2242\" data-element_type=\"widget\" data-settings=\"{&quot;_animation&quot;:&quot;fadeInUp&quot;,&quot;_animation_delay&quot;:400}\" data-widget_type=\"text-editor.default\">\n\t\t\t\t<div class=\"elementor-widget-container\">\n\t\t\t\t\t\t\t<p>incluyen la creatividad, la colaboraci\u00f3n y la adaptabilidad. Nos enorgullece nuestro equipo diverso y talentoso, que trabaja incansablemente para ofrecer productos y servicios de vanguardia. Nuestra misi\u00f3n es impulsar el \u00e9xito de nuestros clientes a trav\u00e9s de la tecnolog\u00eda, y estamos emocionados de seguir construyendo un futuro m\u00e1s inteligente y conectado.\u00a0<\/p>\t\t\t\t\t\t<\/div>\n\t\t\t\t<\/div>\n\t\t\t\t\t<\/div>\n\t\t<\/div>\n\t\t\t\t<div class=\"elementor-column elementor-col-50 elementor-top-column elementor-element elementor-element-409a014\" data-id=\"409a014\" data-element_type=\"column\">\n\t\t\t<div class=\"elementor-widget-wrap elementor-element-populated\">\n\t\t\t\t\t\t<div class=\"elementor-element elementor-element-80502aa animated-fast elementor-invisible elementor-widget elementor-widget-image\" data-id=\"80502aa\" data-element_type=\"widget\" data-settings=\"{&quot;_animation&quot;:&quot;bounceIn&quot;,&quot;_animation_delay&quot;:300}\" data-widget_type=\"image.default\">\n\t\t\t\t<div class=\"elementor-widget-container\">\n\t\t\t\t\t\t\t\t\t\t\t\t\t<img decoding=\"async\" width=\"768\" height=\"496\" src=\"https:\/\/evidencias.system-ready.com.mx\/wp-content\/uploads\/2024\/11\/programmers-cooperating-at-information-technology-2023-11-27-05-06-13-utc-768x496.webp\" class=\"attachment-medium_large size-medium_large wp-image-5562\" alt=\"\" srcset=\"https:\/\/evidencias.system-ready.com.mx\/wp-content\/uploads\/2024\/11\/programmers-cooperating-at-information-technology-2023-11-27-05-06-13-utc-768x496.webp 768w, https:\/\/evidencias.system-ready.com.mx\/wp-content\/uploads\/2024\/11\/programmers-cooperating-at-information-technology-2023-11-27-05-06-13-utc-300x194.webp 300w, https:\/\/evidencias.system-ready.com.mx\/wp-content\/uploads\/2024\/11\/programmers-cooperating-at-information-technology-2023-11-27-05-06-13-utc-1024x661.webp 1024w, https:\/\/evidencias.system-ready.com.mx\/wp-content\/uploads\/2024\/11\/programmers-cooperating-at-information-technology-2023-11-27-05-06-13-utc-1536x992.webp 1536w, https:\/\/evidencias.system-ready.com.mx\/wp-content\/uploads\/2024\/11\/programmers-cooperating-at-information-technology-2023-11-27-05-06-13-utc.webp 1920w\" sizes=\"(max-width: 768px) 100vw, 768px\" \/>\t\t\t\t\t\t\t\t\t\t\t\t\t<\/div>\n\t\t\t\t<\/div>\n\t\t\t\t\t<\/div>\n\t\t<\/div>\n\t\t\t\t\t<\/div>\n\t\t<\/section>\n\t\t\t\t<section class=\"elementor-section elementor-top-section elementor-element elementor-element-a5a975c elementor-section-height-min-height elementor-section-boxed elementor-section-height-default elementor-section-items-middle\" data-id=\"a5a975c\" data-element_type=\"section\" data-settings=\"{&quot;background_background&quot;:&quot;classic&quot;,&quot;shape_divider_top&quot;:&quot;triangle&quot;,&quot;shape_divider_top_negative&quot;:&quot;yes&quot;}\">\n\t\t\t\t\t\t\t<div class=\"elementor-background-overlay\"><\/div>\n\t\t\t\t\t\t<div class=\"elementor-shape elementor-shape-top\" data-negative=\"true\">\n\t\t\t<svg xmlns=\"http:\/\/www.w3.org\/2000\/svg\" viewBox=\"0 0 1000 100\" preserveAspectRatio=\"none\">\n\t<path class=\"elementor-shape-fill\" d=\"M500.2,94.7L0,0v100h1000V0L500.2,94.7z\"\/>\n<\/svg>\t\t<\/div>\n\t\t\t\t\t<div class=\"elementor-container elementor-column-gap-default\">\n\t\t\t\t\t<div class=\"elementor-column elementor-col-100 elementor-top-column elementor-element elementor-element-11f1a6e\" data-id=\"11f1a6e\" data-element_type=\"column\">\n\t\t\t<div class=\"elementor-widget-wrap elementor-element-populated\">\n\t\t\t\t\t\t<div class=\"elementor-element elementor-element-64e021a elementor-invisible elementor-widget elementor-widget-heading\" data-id=\"64e021a\" data-element_type=\"widget\" data-settings=\"{&quot;_animation&quot;:&quot;fadeInLeft&quot;}\" data-widget_type=\"heading.default\">\n\t\t\t\t<div class=\"elementor-widget-container\">\n\t\t\t<h2 class=\"elementor-heading-title elementor-size-xl\">\u00a1Bienvenido a System Ready!<\/h2>\t\t<\/div>\n\t\t\t\t<\/div>\n\t\t\t\t<div class=\"elementor-element elementor-element-3d511e9 elementor-invisible elementor-widget elementor-widget-heading\" data-id=\"3d511e9\" data-element_type=\"widget\" data-settings=\"{&quot;_animation&quot;:&quot;fadeInUp&quot;,&quot;_animation_delay&quot;:400}\" data-widget_type=\"heading.default\">\n\t\t\t\t<div class=\"elementor-widget-container\">\n\t\t\t<h3 class=\"elementor-heading-title elementor-size-small\">Siempre estamos abiertos al di\u00e1logo y la colaboraci\u00f3n, as\u00ed que no dudes en ponerte en contacto con nosotros. <\/h3>\t\t<\/div>\n\t\t\t\t<\/div>\n\t\t\t\t\t<\/div>\n\t\t<\/div>\n\t\t\t\t\t<\/div>\n\t\t<\/section>\n\t\t\t\t<\/div>\n\t\t","protected":false},"excerpt":{"rendered":"<p>Qui\u00e9nes Somos System Ready \u00a0es una empresa tecnol\u00f3gica apasionada por la innovaci\u00f3n y la excelencia. Nuestra historia comenz\u00f3 cuando un grupo de visionarios se uni\u00f3 con el objetivo de transformar la forma en que las organizaciones interact\u00faan con la tecnolog\u00eda. Desde entonces, hemos estado comprometidos con la creaci\u00f3n de soluciones inteligentes y personalizadas para nuestros [&hellip;]<\/p>\n","protected":false},"author":16,"featured_media":0,"parent":0,"menu_order":0,"comment_status":"closed","ping_status":"closed","template":"elementor_header_footer","meta":{"_joinchat":[],"footnotes":""},"class_list":["post-6186","page","type-page","status-publish","hentry"],"yoast_head":"<!-- This site is optimized with the Yoast SEO plugin v23.9 - https:\/\/yoast.com\/wordpress\/plugins\/seo\/ -->\n<title>Qui\u00e9nes somos - System Ready<\/title>\n<meta name=\"description\" content=\"Conoce m\u00e1s sobre nuestra empresa l\u00edder en soluciones tecnol\u00f3gicas.\" \/>\n<meta name=\"robots\" content=\"index, follow, max-snippet:-1, max-image-preview:large, max-video-preview:-1\" \/>\n<link rel=\"canonical\" href=\"https:\/\/evidencias.system-ready.com.mx\/?page_id=6186\" \/>\n<meta property=\"og:locale\" content=\"es_MX\" \/>\n<meta property=\"og:type\" content=\"article\" \/>\n<meta property=\"og:title\" content=\"Qui\u00e9nes somos - System Ready\" \/>\n<meta property=\"og:description\" content=\"Conoce m\u00e1s sobre nuestra empresa l\u00edder en soluciones tecnol\u00f3gicas.\" \/>\n<meta property=\"og:url\" content=\"https:\/\/evidencias.system-ready.com.mx\/?page_id=6186\" \/>\n<meta property=\"og:site_name\" content=\"System Ready\" \/>\n<meta property=\"article:publisher\" content=\"https:\/\/www.facebook.com\/systemready.com.mx\" \/>\n<meta property=\"article:modified_time\" content=\"2024-12-06T18:33:32+00:00\" \/>\n<meta property=\"og:image\" content=\"https:\/\/evidencias.system-ready.com.mx\/wp-content\/uploads\/2024\/11\/arrow.png\" \/>\n<meta name=\"twitter:card\" content=\"summary_large_image\" \/>\n<meta name=\"twitter:label1\" content=\"Tiempo de lectura\" \/>\n\t<meta name=\"twitter:data1\" content=\"2 minutos\" \/>\n<script type=\"application\/ld+json\" class=\"yoast-schema-graph\">{\"@context\":\"https:\/\/schema.org\",\"@graph\":[{\"@type\":\"WebPage\",\"@id\":\"https:\/\/evidencias.system-ready.com.mx\/?page_id=6186\",\"url\":\"https:\/\/evidencias.system-ready.com.mx\/?page_id=6186\",\"name\":\"Qui\u00e9nes somos - System Ready\",\"isPartOf\":{\"@id\":\"https:\/\/evidencias.system-ready.com.mx\/#website\"},\"primaryImageOfPage\":{\"@id\":\"https:\/\/evidencias.system-ready.com.mx\/?page_id=6186#primaryimage\"},\"image\":{\"@id\":\"https:\/\/evidencias.system-ready.com.mx\/?page_id=6186#primaryimage\"},\"thumbnailUrl\":\"https:\/\/evidencias.system-ready.com.mx\/wp-content\/uploads\/2024\/11\/arrow.png\",\"datePublished\":\"2024-12-05T20:41:14+00:00\",\"dateModified\":\"2024-12-06T18:33:32+00:00\",\"description\":\"Conoce m\u00e1s sobre nuestra empresa l\u00edder en soluciones tecnol\u00f3gicas.\",\"breadcrumb\":{\"@id\":\"https:\/\/evidencias.system-ready.com.mx\/?page_id=6186#breadcrumb\"},\"inLanguage\":\"es\",\"potentialAction\":[{\"@type\":\"ReadAction\",\"target\":[\"https:\/\/evidencias.system-ready.com.mx\/?page_id=6186\"]}]},{\"@type\":\"ImageObject\",\"inLanguage\":\"es\",\"@id\":\"https:\/\/evidencias.system-ready.com.mx\/?page_id=6186#primaryimage\",\"url\":\"https:\/\/evidencias.system-ready.com.mx\/wp-content\/uploads\/2024\/11\/arrow.png\",\"contentUrl\":\"https:\/\/evidencias.system-ready.com.mx\/wp-content\/uploads\/2024\/11\/arrow.png\"},{\"@type\":\"BreadcrumbList\",\"@id\":\"https:\/\/evidencias.system-ready.com.mx\/?page_id=6186#breadcrumb\",\"itemListElement\":[{\"@type\":\"ListItem\",\"position\":1,\"name\":\"Inicio\",\"item\":\"https:\/\/evidencias.system-ready.com.mx\/\"},{\"@type\":\"ListItem\",\"position\":2,\"name\":\"Qui\u00e9nes somos\"}]},{\"@type\":\"WebSite\",\"@id\":\"https:\/\/evidencias.system-ready.com.mx\/#website\",\"url\":\"https:\/\/evidencias.system-ready.com.mx\/\",\"name\":\"System Ready\",\"description\":\"Que la tecnolog\u00eda impulse tu negocio\",\"publisher\":{\"@id\":\"https:\/\/evidencias.system-ready.com.mx\/#organization\"},\"potentialAction\":[{\"@type\":\"SearchAction\",\"target\":{\"@type\":\"EntryPoint\",\"urlTemplate\":\"https:\/\/evidencias.system-ready.com.mx\/?s={search_term_string}\"},\"query-input\":{\"@type\":\"PropertyValueSpecification\",\"valueRequired\":true,\"valueName\":\"search_term_string\"}}],\"inLanguage\":\"es\"},{\"@type\":\"Organization\",\"@id\":\"https:\/\/evidencias.system-ready.com.mx\/#organization\",\"name\":\"System Ready\",\"url\":\"https:\/\/evidencias.system-ready.com.mx\/\",\"logo\":{\"@type\":\"ImageObject\",\"inLanguage\":\"es\",\"@id\":\"https:\/\/evidencias.system-ready.com.mx\/#\/schema\/logo\/image\/\",\"url\":\"https:\/\/evidencias.system-ready.com.mx\/wp-content\/uploads\/2023\/04\/cropped-logo-sready-crop.png\",\"contentUrl\":\"https:\/\/evidencias.system-ready.com.mx\/wp-content\/uploads\/2023\/04\/cropped-logo-sready-crop.png\",\"width\":606,\"height\":221,\"caption\":\"System Ready\"},\"image\":{\"@id\":\"https:\/\/evidencias.system-ready.com.mx\/#\/schema\/logo\/image\/\"},\"sameAs\":[\"https:\/\/www.facebook.com\/systemready.com.mx\",\"https:\/\/www.linkedin.com\/company\/system-ready\/\"]}]}<\/script>\n<!-- \/ Yoast SEO plugin. -->","yoast_head_json":{"title":"Qui\u00e9nes somos - System Ready","description":"Conoce m\u00e1s sobre nuestra empresa l\u00edder en soluciones tecnol\u00f3gicas.","robots":{"index":"index","follow":"follow","max-snippet":"max-snippet:-1","max-image-preview":"max-image-preview:large","max-video-preview":"max-video-preview:-1"},"canonical":"https:\/\/evidencias.system-ready.com.mx\/?page_id=6186","og_locale":"es_MX","og_type":"article","og_title":"Qui\u00e9nes somos - System Ready","og_description":"Conoce m\u00e1s sobre nuestra empresa l\u00edder en soluciones tecnol\u00f3gicas.","og_url":"https:\/\/evidencias.system-ready.com.mx\/?page_id=6186","og_site_name":"System Ready","article_publisher":"https:\/\/www.facebook.com\/systemready.com.mx","article_modified_time":"2024-12-06T18:33:32+00:00","og_image":[{"url":"https:\/\/evidencias.system-ready.com.mx\/wp-content\/uploads\/2024\/11\/arrow.png"}],"twitter_card":"summary_large_image","twitter_misc":{"Tiempo de lectura":"2 minutos"},"schema":{"@context":"https:\/\/schema.org","@graph":[{"@type":"WebPage","@id":"https:\/\/evidencias.system-ready.com.mx\/?page_id=6186","url":"https:\/\/evidencias.system-ready.com.mx\/?page_id=6186","name":"Qui\u00e9nes somos - System Ready","isPartOf":{"@id":"https:\/\/evidencias.system-ready.com.mx\/#website"},"primaryImageOfPage":{"@id":"https:\/\/evidencias.system-ready.com.mx\/?page_id=6186#primaryimage"},"image":{"@id":"https:\/\/evidencias.system-ready.com.mx\/?page_id=6186#primaryimage"},"thumbnailUrl":"https:\/\/evidencias.system-ready.com.mx\/wp-content\/uploads\/2024\/11\/arrow.png","datePublished":"2024-12-05T20:41:14+00:00","dateModified":"2024-12-06T18:33:32+00:00","description":"Conoce m\u00e1s sobre nuestra empresa l\u00edder en soluciones tecnol\u00f3gicas.","breadcrumb":{"@id":"https:\/\/evidencias.system-ready.com.mx\/?page_id=6186#breadcrumb"},"inLanguage":"es","potentialAction":[{"@type":"ReadAction","target":["https:\/\/evidencias.system-ready.com.mx\/?page_id=6186"]}]},{"@type":"ImageObject","inLanguage":"es","@id":"https:\/\/evidencias.system-ready.com.mx\/?page_id=6186#primaryimage","url":"https:\/\/evidencias.system-ready.com.mx\/wp-content\/uploads\/2024\/11\/arrow.png","contentUrl":"https:\/\/evidencias.system-ready.com.mx\/wp-content\/uploads\/2024\/11\/arrow.png"},{"@type":"BreadcrumbList","@id":"https:\/\/evidencias.system-ready.com.mx\/?page_id=6186#breadcrumb","itemListElement":[{"@type":"ListItem","position":1,"name":"Inicio","item":"https:\/\/evidencias.system-ready.com.mx\/"},{"@type":"ListItem","position":2,"name":"Qui\u00e9nes somos"}]},{"@type":"WebSite","@id":"https:\/\/evidencias.system-ready.com.mx\/#website","url":"https:\/\/evidencias.system-ready.com.mx\/","name":"System Ready","description":"Que la tecnolog\u00eda impulse tu negocio","publisher":{"@id":"https:\/\/evidencias.system-ready.com.mx\/#organization"},"potentialAction":[{"@type":"SearchAction","target":{"@type":"EntryPoint","urlTemplate":"https:\/\/evidencias.system-ready.com.mx\/?s={search_term_string}"},"query-input":{"@type":"PropertyValueSpecification","valueRequired":true,"valueName":"search_term_string"}}],"inLanguage":"es"},{"@type":"Organization","@id":"https:\/\/evidencias.system-ready.com.mx\/#organization","name":"System Ready","url":"https:\/\/evidencias.system-ready.com.mx\/","logo":{"@type":"ImageObject","inLanguage":"es","@id":"https:\/\/evidencias.system-ready.com.mx\/#\/schema\/logo\/image\/","url":"https:\/\/evidencias.system-ready.com.mx\/wp-content\/uploads\/2023\/04\/cropped-logo-sready-crop.png","contentUrl":"https:\/\/evidencias.system-ready.com.mx\/wp-content\/uploads\/2023\/04\/cropped-logo-sready-crop.png","width":606,"height":221,"caption":"System Ready"},"image":{"@id":"https:\/\/evidencias.system-ready.com.mx\/#\/schema\/logo\/image\/"},"sameAs":["https:\/\/www.facebook.com\/systemready.com.mx","https:\/\/www.linkedin.com\/company\/system-ready\/"]}]}},"_links":{"self":[{"href":"https:\/\/evidencias.system-ready.com.mx\/index.php?rest_route=\/wp\/v2\/pages\/6186","targetHints":{"allow":["GET"]}}],"collection":[{"href":"https:\/\/evidencias.system-ready.com.mx\/index.php?rest_route=\/wp\/v2\/pages"}],"about":[{"href":"https:\/\/evidencias.system-ready.com.mx\/index.php?rest_route=\/wp\/v2\/types\/page"}],"author":[{"embeddable":true,"href":"https:\/\/evidencias.system-ready.com.mx\/index.php?rest_route=\/wp\/v2\/users\/16"}],"replies":[{"embeddable":true,"href":"https:\/\/evidencias.system-ready.com.mx\/index.php?rest_route=%2Fwp%2Fv2%2Fcomments&post=6186"}],"version-history":[{"count":7,"href":"https:\/\/evidencias.system-ready.com.mx\/index.php?rest_route=\/wp\/v2\/pages\/6186\/revisions"}],"predecessor-version":[{"id":6265,"href":"https:\/\/evidencias.system-ready.com.mx\/index.php?rest_route=\/wp\/v2\/pages\/6186\/revisions\/6265"}],"wp:attachment":[{"href":"https:\/\/evidencias.system-ready.com.mx\/index.php?rest_route=%2Fwp%2Fv2%2Fmedia&parent=6186"}],"curies":[{"name":"wp","href":"https:\/\/api.w.org\/{rel}","templated":true}]}}