{"id":6192,"date":"2024-12-05T14:45:44","date_gmt":"2024-12-05T20:45:44","guid":{"rendered":"https:\/\/system-ready.com.mx\/?page_id=6192"},"modified":"2025-06-18T10:37:04","modified_gmt":"2025-06-18T16:37:04","slug":"contacto-system-ready","status":"publish","type":"page","link":"https:\/\/evidencias.system-ready.com.mx\/?page_id=6192","title":{"rendered":"Contacto"},"content":{"rendered":"\t\t<div data-elementor-type=\"wp-page\" data-elementor-id=\"6192\" class=\"elementor elementor-6192\">\n\t\t\t\t\t\t<section class=\"elementor-section elementor-top-section elementor-element elementor-element-adaf1b0 elementor-section-height-min-height elementor-section-boxed elementor-section-height-default elementor-section-items-middle\" data-id=\"adaf1b0\" data-element_type=\"section\" data-settings=\"{&quot;background_background&quot;:&quot;classic&quot;,&quot;shape_divider_bottom&quot;:&quot;triangle-asymmetrical&quot;}\">\n\t\t\t\t\t\t\t<div class=\"elementor-background-overlay\"><\/div>\n\t\t\t\t\t\t<div class=\"elementor-shape elementor-shape-bottom\" data-negative=\"false\">\n\t\t\t<svg xmlns=\"http:\/\/www.w3.org\/2000\/svg\" viewBox=\"0 0 1000 100\" preserveAspectRatio=\"none\">\n\t<path class=\"elementor-shape-fill\" d=\"M738,99l262-93V0H0v5.6L738,99z\"\/>\n<\/svg>\t\t<\/div>\n\t\t\t\t\t<div class=\"elementor-container elementor-column-gap-default\">\n\t\t\t\t\t<div class=\"elementor-column elementor-col-100 elementor-top-column elementor-element elementor-element-4cbe0d9\" data-id=\"4cbe0d9\" data-element_type=\"column\">\n\t\t\t<div class=\"elementor-widget-wrap elementor-element-populated\">\n\t\t\t\t\t\t<div class=\"elementor-element elementor-element-c541444 elementor-widget elementor-widget-heading\" data-id=\"c541444\" data-element_type=\"widget\" data-widget_type=\"heading.default\">\n\t\t\t\t<div class=\"elementor-widget-container\">\n\t\t\t<h1 class=\"elementor-heading-title elementor-size-xxl\">Contacto<\/h1>\t\t<\/div>\n\t\t\t\t<\/div>\n\t\t\t\t\t<\/div>\n\t\t<\/div>\n\t\t\t\t\t<\/div>\n\t\t<\/section>\n\t\t\t\t<section class=\"elementor-section elementor-top-section elementor-element elementor-element-8cb675c elementor-section-boxed elementor-section-height-default elementor-section-height-default\" data-id=\"8cb675c\" data-element_type=\"section\" data-settings=\"{&quot;background_background&quot;:&quot;classic&quot;}\">\n\t\t\t\t\t\t<div class=\"elementor-container elementor-column-gap-default\">\n\t\t\t\t\t<div class=\"elementor-column elementor-col-50 elementor-top-column elementor-element elementor-element-af34dd1\" data-id=\"af34dd1\" data-element_type=\"column\">\n\t\t\t<div class=\"elementor-widget-wrap elementor-element-populated\">\n\t\t\t\t\t\t<div class=\"elementor-element elementor-element-721690a elementor-widget elementor-widget-image\" data-id=\"721690a\" data-element_type=\"widget\" data-widget_type=\"image.default\">\n\t\t\t\t<div class=\"elementor-widget-container\">\n\t\t\t\t\t\t\t\t\t\t\t\t\t<img fetchpriority=\"high\" decoding=\"async\" width=\"800\" height=\"534\" src=\"https:\/\/evidencias.system-ready.com.mx\/wp-content\/uploads\/2024\/11\/beautiful-asian-woman-using-smartphone-to-check-wo-2023-11-27-05-13-30-utc-1024x683.webp\" class=\"attachment-large size-large wp-image-5535\" alt=\"\" srcset=\"https:\/\/evidencias.system-ready.com.mx\/wp-content\/uploads\/2024\/11\/beautiful-asian-woman-using-smartphone-to-check-wo-2023-11-27-05-13-30-utc-1024x683.webp 1024w, https:\/\/evidencias.system-ready.com.mx\/wp-content\/uploads\/2024\/11\/beautiful-asian-woman-using-smartphone-to-check-wo-2023-11-27-05-13-30-utc-300x200.webp 300w, https:\/\/evidencias.system-ready.com.mx\/wp-content\/uploads\/2024\/11\/beautiful-asian-woman-using-smartphone-to-check-wo-2023-11-27-05-13-30-utc-768x512.webp 768w, https:\/\/evidencias.system-ready.com.mx\/wp-content\/uploads\/2024\/11\/beautiful-asian-woman-using-smartphone-to-check-wo-2023-11-27-05-13-30-utc-1536x1024.webp 1536w, https:\/\/evidencias.system-ready.com.mx\/wp-content\/uploads\/2024\/11\/beautiful-asian-woman-using-smartphone-to-check-wo-2023-11-27-05-13-30-utc.webp 1920w\" sizes=\"(max-width: 800px) 100vw, 800px\" \/>\t\t\t\t\t\t\t\t\t\t\t\t\t<\/div>\n\t\t\t\t<\/div>\n\t\t\t\t<div class=\"elementor-element elementor-element-c5c3ec3 elementor-invisible elementor-widget elementor-widget-text-editor\" data-id=\"c5c3ec3\" data-element_type=\"widget\" data-settings=\"{&quot;_animation&quot;:&quot;fadeIn&quot;}\" data-widget_type=\"text-editor.default\">\n\t\t\t\t<div class=\"elementor-widget-container\">\n\t\t\t\t\t\t\t<div class=\"elementor-element elementor-element-0f337c8 elementor-widget elementor-widget-text-editor\" data-id=\"0f337c8\" data-element_type=\"text-editor.default\"><div class=\"elementor-widget-container\"><div class=\"elementor-text-editor elementor-clearfix\"><h2 class=\"elementor-heading-title elementor-size-default\">Agenda una cita o d\u00e9janos tus datos y te buscaremos a la brevedad<\/h2><\/div><\/div><\/div>\t\t\t\t\t\t<\/div>\n\t\t\t\t<\/div>\n\t\t\t\t<div class=\"elementor-element elementor-element-bdc96e1 elementor-icon-list--layout-traditional elementor-list-item-link-full_width elementor-widget elementor-widget-icon-list\" data-id=\"bdc96e1\" data-element_type=\"widget\" data-widget_type=\"icon-list.default\">\n\t\t\t\t<div class=\"elementor-widget-container\">\n\t\t\t\t\t<ul class=\"elementor-icon-list-items\">\n\t\t\t\t\t\t\t<li class=\"elementor-icon-list-item\">\n\t\t\t\t\t\t\t\t\t\t\t<span class=\"elementor-icon-list-icon\">\n\t\t\t\t\t\t\t<i aria-hidden=\"true\" class=\" ti-email\"><\/i>\t\t\t\t\t\t<\/span>\n\t\t\t\t\t\t\t\t\t\t<span class=\"elementor-icon-list-text\">hola@system-ready.com.mx<\/span>\n\t\t\t\t\t\t\t\t\t<\/li>\n\t\t\t\t\t\t\t\t<li class=\"elementor-icon-list-item\">\n\t\t\t\t\t\t\t\t\t\t\t<span class=\"elementor-icon-list-icon\">\n\t\t\t\t\t\t\t<i aria-hidden=\"true\" class=\" ti-location-pin\"><\/i>\t\t\t\t\t\t<\/span>\n\t\t\t\t\t\t\t\t\t\t<span class=\"elementor-icon-list-text\">Condor 4 Int 208, Las Arboledas, 52957 Ciudad L\u00f3pez Mateos, M\u00e9x.<\/span>\n\t\t\t\t\t\t\t\t\t<\/li>\n\t\t\t\t\t\t\t\t<li class=\"elementor-icon-list-item\">\n\t\t\t\t\t\t\t\t\t\t\t<span class=\"elementor-icon-list-icon\">\n\t\t\t\t\t\t\t<i aria-hidden=\"true\" class=\"lnr lnr-phone-handset\"><\/i>\t\t\t\t\t\t<\/span>\n\t\t\t\t\t\t\t\t\t\t<span class=\"elementor-icon-list-text\">55 85263433<\/span>\n\t\t\t\t\t\t\t\t\t<\/li>\n\t\t\t\t\t\t<\/ul>\n\t\t\t\t<\/div>\n\t\t\t\t<\/div>\n\t\t\t\t<div class=\"elementor-element elementor-element-48cf166 elementor-shape-circle e-grid-align-left e-grid-align-tablet-center elementor-grid-0 elementor-widget elementor-widget-social-icons\" data-id=\"48cf166\" data-element_type=\"widget\" data-widget_type=\"social-icons.default\">\n\t\t\t\t<div class=\"elementor-widget-container\">\n\t\t\t\t\t<div class=\"elementor-social-icons-wrapper elementor-grid\">\n\t\t\t\t\t\t\t<span class=\"elementor-grid-item\">\n\t\t\t\t\t<a class=\"elementor-icon elementor-social-icon elementor-social-icon-facebook-f elementor-repeater-item-28ca676\" href=\"https:\/\/www.facebook.com\/systemready.com.mx\" target=\"_blank\">\n\t\t\t\t\t\t<span class=\"elementor-screen-only\">Facebook-f<\/span>\n\t\t\t\t\t\t<i class=\"fab fa-facebook-f\"><\/i>\t\t\t\t\t<\/a>\n\t\t\t\t<\/span>\n\t\t\t\t\t\t\t<span class=\"elementor-grid-item\">\n\t\t\t\t\t<a class=\"elementor-icon elementor-social-icon elementor-social-icon-linkedin elementor-repeater-item-b9e8776\" href=\"https:\/\/www.linkedin.com\/company\/system-ready\/\" target=\"_blank\">\n\t\t\t\t\t\t<span class=\"elementor-screen-only\">Linkedin<\/span>\n\t\t\t\t\t\t<i class=\"fab fa-linkedin\"><\/i>\t\t\t\t\t<\/a>\n\t\t\t\t<\/span>\n\t\t\t\t\t<\/div>\n\t\t\t\t<\/div>\n\t\t\t\t<\/div>\n\t\t\t\t<div class=\"elementor-element elementor-element-e8c6383 elementor-widget elementor-widget-google_maps\" data-id=\"e8c6383\" data-element_type=\"widget\" data-widget_type=\"google_maps.default\">\n\t\t\t\t<div class=\"elementor-widget-container\">\n\t\t\t\t\t<div class=\"elementor-custom-embed\">\n\t\t\t<iframe loading=\"lazy\"\n\t\t\t\t\tsrc=\"https:\/\/maps.google.com\/maps?q=Condor%204%20Int%20208%2C%20Las%20Arboledas%2C%2052957%20Cdad.%20L%C3%B3pez%20Mateos%2C%20M%C3%A9x.&#038;t=m&#038;z=10&#038;output=embed&#038;iwloc=near\"\n\t\t\t\t\ttitle=\"Condor 4 Int 208, Las Arboledas, 52957 Cdad. L\u00f3pez Mateos, M\u00e9x.\"\n\t\t\t\t\taria-label=\"Condor 4 Int 208, Las Arboledas, 52957 Cdad. L\u00f3pez Mateos, M\u00e9x.\"\n\t\t\t><\/iframe>\n\t\t<\/div>\n\t\t\t\t<\/div>\n\t\t\t\t<\/div>\n\t\t\t\t\t<\/div>\n\t\t<\/div>\n\t\t\t\t<div class=\"elementor-column elementor-col-50 elementor-top-column elementor-element elementor-element-d9eeb2f\" data-id=\"d9eeb2f\" data-element_type=\"column\" data-settings=\"{&quot;background_background&quot;:&quot;classic&quot;}\">\n\t\t\t<div class=\"elementor-widget-wrap elementor-element-populated\">\n\t\t\t\t\t\t<div class=\"elementor-element elementor-element-40a1e8e elementor-widget elementor-widget-wp-widget-wpforms-widget\" data-id=\"40a1e8e\" data-element_type=\"widget\" data-widget_type=\"wp-widget-wpforms-widget.default\">\n\t\t\t\t<div class=\"elementor-widget-container\">\n\t\t\t<div class=\"wpforms-container wpforms-container-full wpforms-render-modern\" id=\"wpforms-840\"><form id=\"wpforms-form-840\" class=\"wpforms-validate wpforms-form wpforms-ajax-form\" data-formid=\"840\" method=\"post\" enctype=\"multipart\/form-data\" action=\"\/index.php?rest_route=%2Fwp%2Fv2%2Fpages%2F6192\" data-token=\"56043beabee3348b06a30c70022c454f\" data-token-time=\"1776034809\"><noscript class=\"wpforms-error-noscript\">Por favor, activa JavaScript en tu navegador para completar este formulario.<\/noscript><div class=\"wpforms-hidden\" id=\"wpforms-error-noscript\">Por favor, activa JavaScript en tu navegador para completar este formulario.<\/div><div class=\"wpforms-field-container\"><div id=\"wpforms-840-field_0-container\" class=\"wpforms-field wpforms-field-name\" data-field-id=\"0\"><label class=\"wpforms-field-label\" for=\"wpforms-840-field_0\">Nombre <span class=\"wpforms-required-label\" aria-hidden=\"true\">*<\/span><\/label><input type=\"text\" id=\"wpforms-840-field_0\" class=\"wpforms-field-large wpforms-field-required\" name=\"wpforms[fields][0]\" aria-errormessage=\"wpforms-840-field_0-error\" required><\/div><div id=\"wpforms-840-field_3-container\" class=\"wpforms-field wpforms-field-text\" data-field-id=\"3\"><label class=\"wpforms-field-label\" for=\"wpforms-840-field_3\">Empresa <span class=\"wpforms-required-label\" aria-hidden=\"true\">*<\/span><\/label><input type=\"text\" id=\"wpforms-840-field_3\" class=\"wpforms-field-large wpforms-field-required\" name=\"wpforms[fields][3]\" aria-errormessage=\"wpforms-840-field_3-error\" required><\/div><div id=\"wpforms-840-field_6-container\" class=\"wpforms-field wpforms-field-text\" data-field-id=\"6\"><label class=\"wpforms-field-label\" for=\"wpforms-840-field_6\">Cargo<\/label><input type=\"text\" id=\"wpforms-840-field_6\" class=\"wpforms-field-large\" name=\"wpforms[fields][6]\" aria-errormessage=\"wpforms-840-field_6-error\" ><\/div><div id=\"wpforms-840-field_1-container\" class=\"wpforms-field wpforms-field-email\" data-field-id=\"1\"><label class=\"wpforms-field-label\" for=\"wpforms-840-field_1\">Correo electr\u00f3nico <span class=\"wpforms-required-label\" aria-hidden=\"true\">*<\/span><\/label><input type=\"email\" id=\"wpforms-840-field_1\" class=\"wpforms-field-large wpforms-field-required\" name=\"wpforms[fields][1]\" spellcheck=\"false\" aria-errormessage=\"wpforms-840-field_1-error\" required><\/div><div id=\"wpforms-840-field_5-container\" class=\"wpforms-field wpforms-field-number\" data-field-id=\"5\"><label class=\"wpforms-field-label\" for=\"wpforms-840-field_5\">Telefono <span class=\"wpforms-required-label\" aria-hidden=\"true\">*<\/span><\/label><input type=\"number\" id=\"wpforms-840-field_5\" class=\"wpforms-field-large wpforms-field-required\" name=\"wpforms[fields][5]\" aria-errormessage=\"wpforms-840-field_5-error\" required><\/div><div id=\"wpforms-840-field_2-container\" class=\"wpforms-field wpforms-field-textarea\" data-field-id=\"2\"><label class=\"wpforms-field-label\" for=\"wpforms-840-field_2\">\u00bfC\u00f3mo te podemos ayudar? <span class=\"wpforms-required-label\" aria-hidden=\"true\">*<\/span><\/label><textarea id=\"wpforms-840-field_2\" class=\"wpforms-field-medium wpforms-field-required\" name=\"wpforms[fields][2]\" aria-errormessage=\"wpforms-840-field_2-error\" aria-describedby=\"wpforms-840-field_2-description\" required><\/textarea><div id=\"wpforms-840-field_2-description\" class=\"wpforms-field-description\">Un asesor te contactara a la brevedad.<\/div><\/div><\/div><!-- .wpforms-field-container --><div class=\"wpforms-recaptcha-container wpforms-is-recaptcha wpforms-is-recaptcha-type-v3\" ><input type=\"hidden\" name=\"wpforms[recaptcha]\" value=\"\"><\/div><div class=\"wpforms-submit-container\" ><input type=\"hidden\" name=\"wpforms[id]\" value=\"840\"><input type=\"hidden\" name=\"page_title\" value=\"\"><input type=\"hidden\" name=\"page_url\" value=\"https:\/\/evidencias.system-ready.com.mx\/index.php?rest_route=%2Fwp%2Fv2%2Fpages%2F6192\"><button type=\"submit\" name=\"wpforms[submit]\" id=\"wpforms-submit-840\" class=\"wpforms-submit\" data-alt-text=\"Enviando...\" data-submit-text=\"Enviar\" aria-live=\"assertive\" value=\"wpforms-submit\">Enviar<\/button><img decoding=\"async\" src=\"https:\/\/evidencias.system-ready.com.mx\/wp-content\/plugins\/wpforms\/assets\/images\/submit-spin.svg\" class=\"wpforms-submit-spinner\" style=\"display: none;\" width=\"26\" height=\"26\" alt=\"Cargando\"><\/div><\/form><\/div>  <!-- .wpforms-container -->\t\t<\/div>\n\t\t\t\t<\/div>\n\t\t\t\t\t<\/div>\n\t\t<\/div>\n\t\t\t\t\t<\/div>\n\t\t<\/section>\n\t\t\t\t<\/div>\n\t\t","protected":false},"excerpt":{"rendered":"<p>Contacto Agenda una cita o d\u00e9janos tus datos y te buscaremos a la brevedad hola@system-ready.com.mx Condor 4 Int 208, Las Arboledas, 52957 Ciudad L\u00f3pez Mateos, M\u00e9x. 55 85263433 Facebook-f Linkedin<\/p>\n","protected":false},"author":16,"featured_media":6116,"parent":0,"menu_order":0,"comment_status":"closed","ping_status":"closed","template":"","meta":{"_joinchat":[],"footnotes":""},"class_list":["post-6192","page","type-page","status-publish","has-post-thumbnail","hentry"],"yoast_head":"<!-- This site is optimized with the Yoast SEO plugin v23.9 - https:\/\/yoast.com\/wordpress\/plugins\/seo\/ -->\n<title>Contacto - System Ready<\/title>\n<meta name=\"description\" content=\"\u00bfNecesitas asistencia? Estamos disponibles para ayudarte. Cont\u00e1ctanos ahora a trav\u00e9s de nuestra p\u00e1gina de contacto y recibe soporte personalizado.\" \/>\n<meta name=\"robots\" content=\"index, follow, max-snippet:-1, max-image-preview:large, max-video-preview:-1\" \/>\n<link rel=\"canonical\" href=\"https:\/\/evidencias.system-ready.com.mx\/?page_id=6192\" \/>\n<meta property=\"og:locale\" content=\"es_MX\" \/>\n<meta property=\"og:type\" content=\"article\" \/>\n<meta property=\"og:title\" content=\"Contacto - System Ready\" \/>\n<meta property=\"og:description\" content=\"\u00bfNecesitas asistencia? Estamos disponibles para ayudarte. Cont\u00e1ctanos ahora a trav\u00e9s de nuestra p\u00e1gina de contacto y recibe soporte personalizado.\" \/>\n<meta property=\"og:url\" content=\"https:\/\/evidencias.system-ready.com.mx\/?page_id=6192\" \/>\n<meta property=\"og:site_name\" content=\"System Ready\" \/>\n<meta property=\"article:publisher\" content=\"https:\/\/www.facebook.com\/systemready.com.mx\" \/>\n<meta property=\"article:modified_time\" content=\"2025-06-18T16:37:04+00:00\" \/>\n<meta property=\"og:image\" content=\"https:\/\/evidencias.system-ready.com.mx\/wp-content\/uploads\/2024\/12\/Bienvenido.png\" \/>\n\t<meta property=\"og:image:width\" content=\"1080\" \/>\n\t<meta property=\"og:image:height\" content=\"1080\" \/>\n\t<meta property=\"og:image:type\" content=\"image\/png\" \/>\n<meta name=\"twitter:card\" content=\"summary_large_image\" \/>\n<meta name=\"twitter:label1\" content=\"Tiempo de lectura\" \/>\n\t<meta name=\"twitter:data1\" content=\"1 minuto\" \/>\n<script type=\"application\/ld+json\" class=\"yoast-schema-graph\">{\"@context\":\"https:\/\/schema.org\",\"@graph\":[{\"@type\":\"WebPage\",\"@id\":\"https:\/\/evidencias.system-ready.com.mx\/?page_id=6192\",\"url\":\"https:\/\/evidencias.system-ready.com.mx\/?page_id=6192\",\"name\":\"Contacto - System Ready\",\"isPartOf\":{\"@id\":\"https:\/\/evidencias.system-ready.com.mx\/#website\"},\"primaryImageOfPage\":{\"@id\":\"https:\/\/evidencias.system-ready.com.mx\/?page_id=6192#primaryimage\"},\"image\":{\"@id\":\"https:\/\/evidencias.system-ready.com.mx\/?page_id=6192#primaryimage\"},\"thumbnailUrl\":\"https:\/\/evidencias.system-ready.com.mx\/wp-content\/uploads\/2024\/12\/Bienvenido.png\",\"datePublished\":\"2024-12-05T20:45:44+00:00\",\"dateModified\":\"2025-06-18T16:37:04+00:00\",\"description\":\"\u00bfNecesitas asistencia? Estamos disponibles para ayudarte. Cont\u00e1ctanos ahora a trav\u00e9s de nuestra p\u00e1gina de contacto y recibe soporte personalizado.\",\"breadcrumb\":{\"@id\":\"https:\/\/evidencias.system-ready.com.mx\/?page_id=6192#breadcrumb\"},\"inLanguage\":\"es\",\"potentialAction\":[{\"@type\":\"ReadAction\",\"target\":[\"https:\/\/evidencias.system-ready.com.mx\/?page_id=6192\"]}]},{\"@type\":\"ImageObject\",\"inLanguage\":\"es\",\"@id\":\"https:\/\/evidencias.system-ready.com.mx\/?page_id=6192#primaryimage\",\"url\":\"https:\/\/evidencias.system-ready.com.mx\/wp-content\/uploads\/2024\/12\/Bienvenido.png\",\"contentUrl\":\"https:\/\/evidencias.system-ready.com.mx\/wp-content\/uploads\/2024\/12\/Bienvenido.png\",\"width\":1080,\"height\":1080},{\"@type\":\"BreadcrumbList\",\"@id\":\"https:\/\/evidencias.system-ready.com.mx\/?page_id=6192#breadcrumb\",\"itemListElement\":[{\"@type\":\"ListItem\",\"position\":1,\"name\":\"Inicio\",\"item\":\"https:\/\/evidencias.system-ready.com.mx\/\"},{\"@type\":\"ListItem\",\"position\":2,\"name\":\"Contacto\"}]},{\"@type\":\"WebSite\",\"@id\":\"https:\/\/evidencias.system-ready.com.mx\/#website\",\"url\":\"https:\/\/evidencias.system-ready.com.mx\/\",\"name\":\"System Ready\",\"description\":\"Que la tecnolog\u00eda impulse tu negocio\",\"publisher\":{\"@id\":\"https:\/\/evidencias.system-ready.com.mx\/#organization\"},\"potentialAction\":[{\"@type\":\"SearchAction\",\"target\":{\"@type\":\"EntryPoint\",\"urlTemplate\":\"https:\/\/evidencias.system-ready.com.mx\/?s={search_term_string}\"},\"query-input\":{\"@type\":\"PropertyValueSpecification\",\"valueRequired\":true,\"valueName\":\"search_term_string\"}}],\"inLanguage\":\"es\"},{\"@type\":\"Organization\",\"@id\":\"https:\/\/evidencias.system-ready.com.mx\/#organization\",\"name\":\"System Ready\",\"url\":\"https:\/\/evidencias.system-ready.com.mx\/\",\"logo\":{\"@type\":\"ImageObject\",\"inLanguage\":\"es\",\"@id\":\"https:\/\/evidencias.system-ready.com.mx\/#\/schema\/logo\/image\/\",\"url\":\"https:\/\/evidencias.system-ready.com.mx\/wp-content\/uploads\/2023\/04\/cropped-logo-sready-crop.png\",\"contentUrl\":\"https:\/\/evidencias.system-ready.com.mx\/wp-content\/uploads\/2023\/04\/cropped-logo-sready-crop.png\",\"width\":606,\"height\":221,\"caption\":\"System Ready\"},\"image\":{\"@id\":\"https:\/\/evidencias.system-ready.com.mx\/#\/schema\/logo\/image\/\"},\"sameAs\":[\"https:\/\/www.facebook.com\/systemready.com.mx\",\"https:\/\/www.linkedin.com\/company\/system-ready\/\"]}]}<\/script>\n<!-- \/ Yoast SEO plugin. -->","yoast_head_json":{"title":"Contacto - System Ready","description":"\u00bfNecesitas asistencia? Estamos disponibles para ayudarte. Cont\u00e1ctanos ahora a trav\u00e9s de nuestra p\u00e1gina de contacto y recibe soporte personalizado.","robots":{"index":"index","follow":"follow","max-snippet":"max-snippet:-1","max-image-preview":"max-image-preview:large","max-video-preview":"max-video-preview:-1"},"canonical":"https:\/\/evidencias.system-ready.com.mx\/?page_id=6192","og_locale":"es_MX","og_type":"article","og_title":"Contacto - System Ready","og_description":"\u00bfNecesitas asistencia? Estamos disponibles para ayudarte. Cont\u00e1ctanos ahora a trav\u00e9s de nuestra p\u00e1gina de contacto y recibe soporte personalizado.","og_url":"https:\/\/evidencias.system-ready.com.mx\/?page_id=6192","og_site_name":"System Ready","article_publisher":"https:\/\/www.facebook.com\/systemready.com.mx","article_modified_time":"2025-06-18T16:37:04+00:00","og_image":[{"width":1080,"height":1080,"url":"https:\/\/evidencias.system-ready.com.mx\/wp-content\/uploads\/2024\/12\/Bienvenido.png","type":"image\/png"}],"twitter_card":"summary_large_image","twitter_misc":{"Tiempo de lectura":"1 minuto"},"schema":{"@context":"https:\/\/schema.org","@graph":[{"@type":"WebPage","@id":"https:\/\/evidencias.system-ready.com.mx\/?page_id=6192","url":"https:\/\/evidencias.system-ready.com.mx\/?page_id=6192","name":"Contacto - System Ready","isPartOf":{"@id":"https:\/\/evidencias.system-ready.com.mx\/#website"},"primaryImageOfPage":{"@id":"https:\/\/evidencias.system-ready.com.mx\/?page_id=6192#primaryimage"},"image":{"@id":"https:\/\/evidencias.system-ready.com.mx\/?page_id=6192#primaryimage"},"thumbnailUrl":"https:\/\/evidencias.system-ready.com.mx\/wp-content\/uploads\/2024\/12\/Bienvenido.png","datePublished":"2024-12-05T20:45:44+00:00","dateModified":"2025-06-18T16:37:04+00:00","description":"\u00bfNecesitas asistencia? Estamos disponibles para ayudarte. Cont\u00e1ctanos ahora a trav\u00e9s de nuestra p\u00e1gina de contacto y recibe soporte personalizado.","breadcrumb":{"@id":"https:\/\/evidencias.system-ready.com.mx\/?page_id=6192#breadcrumb"},"inLanguage":"es","potentialAction":[{"@type":"ReadAction","target":["https:\/\/evidencias.system-ready.com.mx\/?page_id=6192"]}]},{"@type":"ImageObject","inLanguage":"es","@id":"https:\/\/evidencias.system-ready.com.mx\/?page_id=6192#primaryimage","url":"https:\/\/evidencias.system-ready.com.mx\/wp-content\/uploads\/2024\/12\/Bienvenido.png","contentUrl":"https:\/\/evidencias.system-ready.com.mx\/wp-content\/uploads\/2024\/12\/Bienvenido.png","width":1080,"height":1080},{"@type":"BreadcrumbList","@id":"https:\/\/evidencias.system-ready.com.mx\/?page_id=6192#breadcrumb","itemListElement":[{"@type":"ListItem","position":1,"name":"Inicio","item":"https:\/\/evidencias.system-ready.com.mx\/"},{"@type":"ListItem","position":2,"name":"Contacto"}]},{"@type":"WebSite","@id":"https:\/\/evidencias.system-ready.com.mx\/#website","url":"https:\/\/evidencias.system-ready.com.mx\/","name":"System Ready","description":"Que la tecnolog\u00eda impulse tu negocio","publisher":{"@id":"https:\/\/evidencias.system-ready.com.mx\/#organization"},"potentialAction":[{"@type":"SearchAction","target":{"@type":"EntryPoint","urlTemplate":"https:\/\/evidencias.system-ready.com.mx\/?s={search_term_string}"},"query-input":{"@type":"PropertyValueSpecification","valueRequired":true,"valueName":"search_term_string"}}],"inLanguage":"es"},{"@type":"Organization","@id":"https:\/\/evidencias.system-ready.com.mx\/#organization","name":"System Ready","url":"https:\/\/evidencias.system-ready.com.mx\/","logo":{"@type":"ImageObject","inLanguage":"es","@id":"https:\/\/evidencias.system-ready.com.mx\/#\/schema\/logo\/image\/","url":"https:\/\/evidencias.system-ready.com.mx\/wp-content\/uploads\/2023\/04\/cropped-logo-sready-crop.png","contentUrl":"https:\/\/evidencias.system-ready.com.mx\/wp-content\/uploads\/2023\/04\/cropped-logo-sready-crop.png","width":606,"height":221,"caption":"System Ready"},"image":{"@id":"https:\/\/evidencias.system-ready.com.mx\/#\/schema\/logo\/image\/"},"sameAs":["https:\/\/www.facebook.com\/systemready.com.mx","https:\/\/www.linkedin.com\/company\/system-ready\/"]}]}},"_links":{"self":[{"href":"https:\/\/evidencias.system-ready.com.mx\/index.php?rest_route=\/wp\/v2\/pages\/6192","targetHints":{"allow":["GET"]}}],"collection":[{"href":"https:\/\/evidencias.system-ready.com.mx\/index.php?rest_route=\/wp\/v2\/pages"}],"about":[{"href":"https:\/\/evidencias.system-ready.com.mx\/index.php?rest_route=\/wp\/v2\/types\/page"}],"author":[{"embeddable":true,"href":"https:\/\/evidencias.system-ready.com.mx\/index.php?rest_route=\/wp\/v2\/users\/16"}],"replies":[{"embeddable":true,"href":"https:\/\/evidencias.system-ready.com.mx\/index.php?rest_route=%2Fwp%2Fv2%2Fcomments&post=6192"}],"version-history":[{"count":10,"href":"https:\/\/evidencias.system-ready.com.mx\/index.php?rest_route=\/wp\/v2\/pages\/6192\/revisions"}],"predecessor-version":[{"id":6755,"href":"https:\/\/evidencias.system-ready.com.mx\/index.php?rest_route=\/wp\/v2\/pages\/6192\/revisions\/6755"}],"wp:featuredmedia":[{"embeddable":true,"href":"https:\/\/evidencias.system-ready.com.mx\/index.php?rest_route=\/wp\/v2\/media\/6116"}],"wp:attachment":[{"href":"https:\/\/evidencias.system-ready.com.mx\/index.php?rest_route=%2Fwp%2Fv2%2Fmedia&parent=6192"}],"curies":[{"name":"wp","href":"https:\/\/api.w.org\/{rel}","templated":true}]}}